{"id":3024,"date":"2017-02-27T12:54:33","date_gmt":"2017-02-27T11:54:33","guid":{"rendered":"http:\/\/gaanenbeleven.nl\/?page_id=3024"},"modified":"2017-02-27T12:54:33","modified_gmt":"2017-02-27T11:54:33","slug":"interview-marieke-nooij","status":"publish","type":"page","link":"https:\/\/adriaanvoeten.com\/gaanenbeleven\/interview-marieke-nooij\/","title":{"rendered":"Interview met Marieke Nooij"},"content":{"rendered":"<p><strong>Ik ben Marieke Nooij<\/strong> 52 jaar jong en liefhebber van rugzaktrekking, crossfit en <a href=\"http:\/\/www.atelier-vidda.nl\" target=\"_blank\" rel=\"noopener noreferrer\">maker van <\/a><a href=\"http:\/\/www.atelier-vidda.nl\" target=\"_blank\" rel=\"noopener noreferrer\"><br \/>\nSaami Sieraden<\/a>.\u00a0<a href=\"http:\/\/gaanenbeleven.nl\/wp\/wp-content\/uploads\/2017\/02\/logo-atelier-vidda-.jpg\"><img loading=\"lazy\" decoding=\"async\" class=\"alignright wp-image-3029\" src=\"http:\/\/gaanenbeleven.nl\/wp\/wp-content\/uploads\/2017\/02\/logo-atelier-vidda-.jpg\" alt=\"\" width=\"119\" height=\"82\" \/><\/a><br \/>\n<span data-text=\"true\">Samen met mijn vriend heb ik trektochten gemaakt in Lapland, Noorwegen en Zweden (meestal op de grens daarvan). Altijd alles mee incl. eten voor soms meer dan 3 weken. Ook een aantal winter trektochten gemaakt met de pulka ook weer in Noorwegen\/Zweden. Verder heb ik in 2009 de opleiding tot wildernisgids in Canada bij Taku Adventures (Bart de Haas) gedaan en daarna nog 3 keer terug geweest als assistent begeleider en instructeur. Echt een hele gave tijd!!<\/span><\/p>\n<p><span data-text=\"true\"><strong><a href=\"http:\/\/gaanenbeleven.nl\/wp\/wp-content\/uploads\/2017\/02\/foto-marieke-rugzak-.jpg\"><img loading=\"lazy\" decoding=\"async\" class=\"wp-image-3034 alignright\" src=\"http:\/\/gaanenbeleven.nl\/wp\/wp-content\/uploads\/2017\/02\/foto-marieke-rugzak-.jpg\" alt=\"\" width=\"240\" height=\"134\" \/><\/a>Mijn dagrugzak<\/strong> is van Lundhags Mei 24 en is eigenlijk mijn handtas \ud83d\ude42 Maar als ik een dagtocht ga maken gaat deze ook altijd mee. Lekker qua inhoud, wat aparte vakken en goede schouderbanden.[metaslider id=3131]<\/span><\/p>\n<p><strong>Kleding<\/strong> is natuurlijk afhankelijk van de weersomstandigheden, maar op een trektocht gaat<br \/>\naltijd aan\/mee:<br \/>\n<span style=\"color: #008000\">Broek:<\/span> Lundhags Traverse of bij koudere omstandigheden Hagl\u00f6fs rugged mountain pant<br \/>\n<span style=\"color: #008000\">Shirt:<\/span> G100 shirt van Fj\u00e4llr\u00e4ven (erg handig omdat deze tevens redelijk winddicht en ademend is)<br \/>\n<span style=\"color: #008000\">Jack<\/span>: Arc Teryx Beta AR en daarnaast altijd een Anorak van Norr\u00f6na (voor op kamp of als vervanging voor het Fl\u00e4llr\u00e4ven shirt)<br \/>\n<span style=\"color: #008000\">Tussenlaag:<\/span> Geen fleece maar een Arc Teryx Atom AR Hoody (veel warmer, kleiner en lichter!)<br \/>\n<span style=\"color: #008000\">Onderkleding:<\/span> Icebreaker shirt korte mouw, idem lange mouw en 1 idem lange mouw warmere versie en een idem lange onderbroek om in te slapen en wollen boxershorts (fietsbroeklengte) van Aclima<br \/>\n<span style=\"color: #008000\">Kousen:<\/span> Lange onderkousen van woolpower en daarover lange sokken icebreaker<br \/>\nFavoriete schoenen: Lundhags Mira high<\/p>\n<p><strong>Buiten slapen:<a href=\"http:\/\/gaanenbeleven.nl\/wp\/wp-content\/uploads\/2017\/02\/Marieke-tentje-norwegen.jpg\"><img loading=\"lazy\" decoding=\"async\" class=\"alignright wp-image-3031\" src=\"http:\/\/gaanenbeleven.nl\/wp\/wp-content\/uploads\/2017\/02\/Marieke-tentje-norwegen-1024x768.jpg\" alt=\"\" width=\"317\" height=\"238\" \/><\/a><\/strong><br \/>\nTent: als ik alleen ben Hilleberg Akto, als we samen gaan Nigor Wicked up 3 met eventueel de stok aangepast. We hebben een extra stokdeel aan laten passen zodat we een wandelstok als stok kunnen gebruiken en als de Packrafts mee gaan dan gebruiken we de peddeldelen met aangepaste doppen erop als stok.<br \/>\nBivak: Lichtgewicht tarp waarbij de wandelstokken als ondersteuning gebruikt worden. ik gebruik dan een (volledig) GTX bivakzak van Terra Nova.<br \/>\nSlaapzak: Western Mountaineering Apache (dons: goed opgeborgen in een waterdichte zak \ud83d\ude42 )<br \/>\nMatje: Therm a rest Neo Air<br \/>\nKussensloopje om kleding in te doen<\/p>\n<p><strong>Keuken:<a href=\"http:\/\/gaanenbeleven.nl\/wp\/wp-content\/uploads\/2017\/02\/Marieke-koken.jpg\"><img loading=\"lazy\" decoding=\"async\" class=\"wp-image-3030 alignleft\" src=\"http:\/\/gaanenbeleven.nl\/wp\/wp-content\/uploads\/2017\/02\/Marieke-koken-1024x768.jpg\" alt=\"\" width=\"251\" height=\"188\" \/><\/a><\/strong><br \/>\nHoutbrandertje waar eventueel ook een trangia brandertje in kan<br \/>\nMSR stowaway pot (700) waar het brandertje precies in past<br \/>\nTitanium lange lepel om uit de zak te kunnen eten<br \/>\nTitanium spork<br \/>\nTitanium mok (dubbelwandig)<\/p>\n<p><strong>Wat moet er altijd mee:<\/strong><br \/>\nMijn zitlap moet altijd mee \ud83d\ude42<\/p>\n<p><strong>Tips:<\/strong> Laat je goed informeren, doe eventueel een cursus. Leer omgaan met kaart en kompas. Kijk goed wat je meeneemt, je hebt niet veel nodig en zorg dat je laagjes kan combineren.<\/p>\n<p><strong>Favoriete item:<\/strong> mijn titanium mok (ook al is deze niet handig voor de noodles, ik kan nog steeds geen andere mok meenemen)<\/p>\n<p><strong>Vraag aan mijzelf:<\/strong> Ga ik de komende hele zware trektocht goed volbrengen????<br \/>\nWe gaan met een aantal gidsen de Telegraph trail lopen in Canada (Atlin &#8211; Telegraph Creek) een expeditie door zwaar terrein waar maar zeer weinig trails zijn). En dat zal heel pittig voor mij worden.<\/p>\n","protected":false},"excerpt":{"rendered":"<p>Ik ben Marieke Nooij 52 jaar jong en liefhebber van rugzaktrekking, crossfit en maker van Saami Sieraden.\u00a0 Samen met mijn vriend heb ik trektochten gemaakt in Lapland, Noorwegen en Zweden (meestal op de grens daarvan). Altijd alles mee incl. eten voor soms meer dan 3 weken. Ook een aantal winter trektochten gemaakt met de pulka [&hellip;]<\/p>\n","protected":false},"author":1,"featured_media":0,"parent":0,"menu_order":0,"comment_status":"closed","ping_status":"closed","template":"","meta":{"footnotes":""},"yoast_head":"<!-- This site is optimized with the Yoast SEO plugin v24.4 - https:\/\/yoast.com\/wordpress\/plugins\/seo\/ -->\n<title>Interview met Marieke Nooij - GAAN en Beleven<\/title>\n<meta name=\"robots\" content=\"index, follow, max-snippet:-1, max-image-preview:large, max-video-preview:-1\" \/>\n<link rel=\"canonical\" href=\"https:\/\/adriaanvoeten.com\/gaanenbeleven\/interview-marieke-nooij\/\" \/>\n<meta property=\"og:locale\" content=\"nl_NL\" \/>\n<meta property=\"og:type\" content=\"article\" \/>\n<meta property=\"og:title\" content=\"Interview met Marieke Nooij - GAAN en Beleven\" \/>\n<meta property=\"og:description\" content=\"Ik ben Marieke Nooij 52 jaar jong en liefhebber van rugzaktrekking, crossfit en maker van Saami Sieraden.\u00a0 Samen met mijn vriend heb ik trektochten gemaakt in Lapland, Noorwegen en Zweden (meestal op de grens daarvan). Altijd alles mee incl. eten voor soms meer dan 3 weken. Ook een aantal winter trektochten gemaakt met de pulka [&hellip;]\" \/>\n<meta property=\"og:url\" content=\"https:\/\/adriaanvoeten.com\/gaanenbeleven\/interview-marieke-nooij\/\" \/>\n<meta property=\"og:site_name\" content=\"GAAN en Beleven\" \/>\n<meta property=\"article:publisher\" content=\"https:\/\/facebook.com\/gaanenbeleven\" \/>\n<meta property=\"og:image\" content=\"http:\/\/gaanenbeleven.nl\/wp\/wp-content\/uploads\/2017\/02\/logo-atelier-vidda-.jpg\" \/>\n<meta name=\"twitter:card\" content=\"summary_large_image\" \/>\n<meta name=\"twitter:label1\" content=\"Geschatte leestijd\" \/>\n\t<meta name=\"twitter:data1\" content=\"2 minuten\" \/>\n<script type=\"application\/ld+json\" class=\"yoast-schema-graph\">{\"@context\":\"https:\/\/schema.org\",\"@graph\":[{\"@type\":\"WebPage\",\"@id\":\"https:\/\/adriaanvoeten.com\/gaanenbeleven\/interview-marieke-nooij\/\",\"url\":\"https:\/\/adriaanvoeten.com\/gaanenbeleven\/interview-marieke-nooij\/\",\"name\":\"Interview met Marieke Nooij - GAAN en Beleven\",\"isPartOf\":{\"@id\":\"https:\/\/adriaanvoeten.com\/gaanenbeleven\/#website\"},\"primaryImageOfPage\":{\"@id\":\"https:\/\/adriaanvoeten.com\/gaanenbeleven\/interview-marieke-nooij\/#primaryimage\"},\"image\":{\"@id\":\"https:\/\/adriaanvoeten.com\/gaanenbeleven\/interview-marieke-nooij\/#primaryimage\"},\"thumbnailUrl\":\"http:\/\/gaanenbeleven.nl\/wp\/wp-content\/uploads\/2017\/02\/logo-atelier-vidda-.jpg\",\"datePublished\":\"2017-02-27T11:54:33+00:00\",\"breadcrumb\":{\"@id\":\"https:\/\/adriaanvoeten.com\/gaanenbeleven\/interview-marieke-nooij\/#breadcrumb\"},\"inLanguage\":\"nl-NL\",\"potentialAction\":[{\"@type\":\"ReadAction\",\"target\":[\"https:\/\/adriaanvoeten.com\/gaanenbeleven\/interview-marieke-nooij\/\"]}]},{\"@type\":\"ImageObject\",\"inLanguage\":\"nl-NL\",\"@id\":\"https:\/\/adriaanvoeten.com\/gaanenbeleven\/interview-marieke-nooij\/#primaryimage\",\"url\":\"http:\/\/gaanenbeleven.nl\/wp\/wp-content\/uploads\/2017\/02\/logo-atelier-vidda-.jpg\",\"contentUrl\":\"http:\/\/gaanenbeleven.nl\/wp\/wp-content\/uploads\/2017\/02\/logo-atelier-vidda-.jpg\"},{\"@type\":\"BreadcrumbList\",\"@id\":\"https:\/\/adriaanvoeten.com\/gaanenbeleven\/interview-marieke-nooij\/#breadcrumb\",\"itemListElement\":[{\"@type\":\"ListItem\",\"position\":1,\"name\":\"Home\",\"item\":\"https:\/\/adriaanvoeten.com\/gaanenbeleven\/\"},{\"@type\":\"ListItem\",\"position\":2,\"name\":\"Interview met Marieke Nooij\"}]},{\"@type\":\"WebSite\",\"@id\":\"https:\/\/adriaanvoeten.com\/gaanenbeleven\/#website\",\"url\":\"https:\/\/adriaanvoeten.com\/gaanenbeleven\/\",\"name\":\"GAAN en Beleven\",\"description\":\"\",\"publisher\":{\"@id\":\"https:\/\/adriaanvoeten.com\/gaanenbeleven\/#organization\"},\"potentialAction\":[{\"@type\":\"SearchAction\",\"target\":{\"@type\":\"EntryPoint\",\"urlTemplate\":\"https:\/\/adriaanvoeten.com\/gaanenbeleven\/?s={search_term_string}\"},\"query-input\":{\"@type\":\"PropertyValueSpecification\",\"valueRequired\":true,\"valueName\":\"search_term_string\"}}],\"inLanguage\":\"nl-NL\"},{\"@type\":\"Organization\",\"@id\":\"https:\/\/adriaanvoeten.com\/gaanenbeleven\/#organization\",\"name\":\"GAAN en Beleven\",\"url\":\"https:\/\/adriaanvoeten.com\/gaanenbeleven\/\",\"logo\":{\"@type\":\"ImageObject\",\"inLanguage\":\"nl-NL\",\"@id\":\"https:\/\/adriaanvoeten.com\/gaanenbeleven\/#\/schema\/logo\/image\/\",\"url\":\"https:\/\/adriaanvoeten.com\/gaanenbeleven\/wp-content\/uploads\/sites\/4\/2021\/05\/cropped-gaan-logo.jpg\",\"contentUrl\":\"https:\/\/adriaanvoeten.com\/gaanenbeleven\/wp-content\/uploads\/sites\/4\/2021\/05\/cropped-gaan-logo.jpg\",\"width\":512,\"height\":512,\"caption\":\"GAAN en Beleven\"},\"image\":{\"@id\":\"https:\/\/adriaanvoeten.com\/gaanenbeleven\/#\/schema\/logo\/image\/\"},\"sameAs\":[\"https:\/\/facebook.com\/gaanenbeleven\"]}]}<\/script>\n<!-- \/ Yoast SEO plugin. -->","yoast_head_json":{"title":"Interview met Marieke Nooij - GAAN en Beleven","robots":{"index":"index","follow":"follow","max-snippet":"max-snippet:-1","max-image-preview":"max-image-preview:large","max-video-preview":"max-video-preview:-1"},"canonical":"https:\/\/adriaanvoeten.com\/gaanenbeleven\/interview-marieke-nooij\/","og_locale":"nl_NL","og_type":"article","og_title":"Interview met Marieke Nooij - GAAN en Beleven","og_description":"Ik ben Marieke Nooij 52 jaar jong en liefhebber van rugzaktrekking, crossfit en maker van Saami Sieraden.\u00a0 Samen met mijn vriend heb ik trektochten gemaakt in Lapland, Noorwegen en Zweden (meestal op de grens daarvan). Altijd alles mee incl. eten voor soms meer dan 3 weken. Ook een aantal winter trektochten gemaakt met de pulka [&hellip;]","og_url":"https:\/\/adriaanvoeten.com\/gaanenbeleven\/interview-marieke-nooij\/","og_site_name":"GAAN en Beleven","article_publisher":"https:\/\/facebook.com\/gaanenbeleven","og_image":[{"url":"http:\/\/gaanenbeleven.nl\/wp\/wp-content\/uploads\/2017\/02\/logo-atelier-vidda-.jpg","type":"","width":"","height":""}],"twitter_card":"summary_large_image","twitter_misc":{"Geschatte leestijd":"2 minuten"},"schema":{"@context":"https:\/\/schema.org","@graph":[{"@type":"WebPage","@id":"https:\/\/adriaanvoeten.com\/gaanenbeleven\/interview-marieke-nooij\/","url":"https:\/\/adriaanvoeten.com\/gaanenbeleven\/interview-marieke-nooij\/","name":"Interview met Marieke Nooij - GAAN en Beleven","isPartOf":{"@id":"https:\/\/adriaanvoeten.com\/gaanenbeleven\/#website"},"primaryImageOfPage":{"@id":"https:\/\/adriaanvoeten.com\/gaanenbeleven\/interview-marieke-nooij\/#primaryimage"},"image":{"@id":"https:\/\/adriaanvoeten.com\/gaanenbeleven\/interview-marieke-nooij\/#primaryimage"},"thumbnailUrl":"http:\/\/gaanenbeleven.nl\/wp\/wp-content\/uploads\/2017\/02\/logo-atelier-vidda-.jpg","datePublished":"2017-02-27T11:54:33+00:00","breadcrumb":{"@id":"https:\/\/adriaanvoeten.com\/gaanenbeleven\/interview-marieke-nooij\/#breadcrumb"},"inLanguage":"nl-NL","potentialAction":[{"@type":"ReadAction","target":["https:\/\/adriaanvoeten.com\/gaanenbeleven\/interview-marieke-nooij\/"]}]},{"@type":"ImageObject","inLanguage":"nl-NL","@id":"https:\/\/adriaanvoeten.com\/gaanenbeleven\/interview-marieke-nooij\/#primaryimage","url":"http:\/\/gaanenbeleven.nl\/wp\/wp-content\/uploads\/2017\/02\/logo-atelier-vidda-.jpg","contentUrl":"http:\/\/gaanenbeleven.nl\/wp\/wp-content\/uploads\/2017\/02\/logo-atelier-vidda-.jpg"},{"@type":"BreadcrumbList","@id":"https:\/\/adriaanvoeten.com\/gaanenbeleven\/interview-marieke-nooij\/#breadcrumb","itemListElement":[{"@type":"ListItem","position":1,"name":"Home","item":"https:\/\/adriaanvoeten.com\/gaanenbeleven\/"},{"@type":"ListItem","position":2,"name":"Interview met Marieke Nooij"}]},{"@type":"WebSite","@id":"https:\/\/adriaanvoeten.com\/gaanenbeleven\/#website","url":"https:\/\/adriaanvoeten.com\/gaanenbeleven\/","name":"GAAN en Beleven","description":"","publisher":{"@id":"https:\/\/adriaanvoeten.com\/gaanenbeleven\/#organization"},"potentialAction":[{"@type":"SearchAction","target":{"@type":"EntryPoint","urlTemplate":"https:\/\/adriaanvoeten.com\/gaanenbeleven\/?s={search_term_string}"},"query-input":{"@type":"PropertyValueSpecification","valueRequired":true,"valueName":"search_term_string"}}],"inLanguage":"nl-NL"},{"@type":"Organization","@id":"https:\/\/adriaanvoeten.com\/gaanenbeleven\/#organization","name":"GAAN en Beleven","url":"https:\/\/adriaanvoeten.com\/gaanenbeleven\/","logo":{"@type":"ImageObject","inLanguage":"nl-NL","@id":"https:\/\/adriaanvoeten.com\/gaanenbeleven\/#\/schema\/logo\/image\/","url":"https:\/\/adriaanvoeten.com\/gaanenbeleven\/wp-content\/uploads\/sites\/4\/2021\/05\/cropped-gaan-logo.jpg","contentUrl":"https:\/\/adriaanvoeten.com\/gaanenbeleven\/wp-content\/uploads\/sites\/4\/2021\/05\/cropped-gaan-logo.jpg","width":512,"height":512,"caption":"GAAN en Beleven"},"image":{"@id":"https:\/\/adriaanvoeten.com\/gaanenbeleven\/#\/schema\/logo\/image\/"},"sameAs":["https:\/\/facebook.com\/gaanenbeleven"]}]}},"_links":{"self":[{"href":"https:\/\/adriaanvoeten.com\/gaanenbeleven\/wp-json\/wp\/v2\/pages\/3024"}],"collection":[{"href":"https:\/\/adriaanvoeten.com\/gaanenbeleven\/wp-json\/wp\/v2\/pages"}],"about":[{"href":"https:\/\/adriaanvoeten.com\/gaanenbeleven\/wp-json\/wp\/v2\/types\/page"}],"author":[{"embeddable":true,"href":"https:\/\/adriaanvoeten.com\/gaanenbeleven\/wp-json\/wp\/v2\/users\/1"}],"replies":[{"embeddable":true,"href":"https:\/\/adriaanvoeten.com\/gaanenbeleven\/wp-json\/wp\/v2\/comments?post=3024"}],"version-history":[{"count":0,"href":"https:\/\/adriaanvoeten.com\/gaanenbeleven\/wp-json\/wp\/v2\/pages\/3024\/revisions"}],"wp:attachment":[{"href":"https:\/\/adriaanvoeten.com\/gaanenbeleven\/wp-json\/wp\/v2\/media?parent=3024"}],"curies":[{"name":"wp","href":"https:\/\/api.w.org\/{rel}","templated":true}]}}