{"id":1701,"date":"2015-12-18T11:27:45","date_gmt":"2015-12-18T10:27:45","guid":{"rendered":"http:\/\/gaanenbeleven.nl\/wp\/?page_id=1701"},"modified":"2015-12-18T11:27:45","modified_gmt":"2015-12-18T10:27:45","slug":"van-b-naar-b-100km-in-48-uur","status":"publish","type":"page","link":"https:\/\/adriaanvoeten.com\/gaanenbeleven\/van-b-naar-b-100km-in-48-uur\/","title":{"rendered":"Van B naar B, 100km in 48 uur"},"content":{"rendered":"<p><strong>48 uur avontuur met een internationaal tintje\u2026<\/strong><\/p>\n<p>Hoe overbrug je een grotere afstand over meerdere dagen was onze queste deze keer \u2026 rennen en mtb\u2019en bleek de juiste combinatie voor ons \u2026 de mtb\u2019er kan mooi even uitrusten en de renner kan weer even warm worden \u2026 want langzaam fietsen blijkt best koud te zijn.<\/p>\n<p>Een 48 uurs editie met veel b\u2019s (Barneveld-Baarn-Bart erbij-blubberbende-bijzonder warm-\u2026.) en een internationaal tintje. Tevens een 100 km editie! Best trots\u2026<\/p>\n<p>Hoezo internationaal? Nou, het avondeten was eigenhandig \u2019ge\u00efmporteerd\u2019 uit Engeland: gekookte rijst met kruiden erdoor, twee keer anders. Wel 250 gram per zakje, maar een klein scheutje water was genoeg om het door en door warm te maken. Snel en makkelijk dus. Het ontbijt, soort havermout met cranberry\u2019s, resteerde van de expeditie afgelopen zomer naar Peak Lenin in Kirgizi\u00eb. En op woensdagochtend bereikte ons een smsje uit Itali\u00eb. En we zagen behalve twee ree\u00ebn, twee ooievaars op een nest ook een fazant. Mooi en ook deels buitenlands, want die fazant is een exoot .) Echt waar.<\/p>\n<p><a href=\"https:\/\/youtu.be\/0Qw0vP_mBe4\">https:\/\/youtu.be\/0Qw0vP_mBe4<\/a><\/p>\n<p>De route ging over de vele prachtige lange-afstandwandelroutes Veluwe Zwerfpad, Trekvogelpad en Utrechtpad die Nederland rijk is en een deel liepen we op kompas. Fijn dat het zo geregend had de afgelopen weken en dat de bosbouwers met hun grote machines volop bezig waren: dat maakte het parcours uitdagend\u2026zwaar, modderig\u2026en heerlijk instabiel met die rugzak, vooral voor de MTB\u2019er.<br \/>\nDe eerste dag startten we aan de rand van Barneveld, doken het prachtige Lunterse Buurtbos in om via het middelpunt van Nederland verder over de Utrechtse Heuvelrug te gaan. Onderweg zetten we thee op het Mosselse Zand en koersten we naar de natuurcamping van Nivon-natuurvriendenhuis de Bosbeek bij de Ginkelse hei\u2026 ja als je dan toch rakelings langs ons gezellige \u201cthuishonk\u201d (trailrun2daagsen) rent, kan je er net zo makkelijk in de tuin gaan liggen \u2026 GAAN jullie echt buiten slapen was de vraag? Met pretoogjes vertelde de gastvrouw dat ze dat vroeger ook deed.<\/p>\n<p>Bart kwam maandagavond in het donker, sliep in zijn hangmat tussen de bomen en vertelde de volgende ochtend dat zijn super geriefelijke boomtentje toch wat koud was. Gelukkig had hij een knakworstblikje omgetoverd tot een mooie mini-haard\/ fornuis\/ allesbrander dus kon hij zich de volgende morgen lekker warmen aan het vuur.<\/p>\n<p>De volgende ochtend kwam de gastvrouw van het natuurvriendenhuis hardlopend aangerend en je zag dat ze plaatsvervangend genoot van onze verhalen en plannen voor de volgende dagen.<\/p>\n<p>We hadden een heerlijke nacht achter de rug. Adriaan meldde een paar mooie heldere Geminiden (meteorieten) met lange na lichtende staart\u2026 Gezamenlijk vertrokken we voor het langste deel van onze route: 50 tot 60 km stond er vandaag op het programma \u2026 we rekenden hier 8 uur rennen voor en hadden zo onze twijfels of we voor het donker de volgende legale kampplek zouden halen. \u2026 Heel lang leek het goed te gaan, maar toen viel de zon toch echt en liet ons in het donkere bos achter \u2026 zo werd het dan toch nog een nachttrail van een uurtje. Gelukkig hadden de bosbouwers de paden riant verwoest en was het voor de MTB\u2019er zo nu en dan een heel toer om op de been\/fiets te blijven \u2026<\/p>\n<p>De omgeving van de paalkamping Austerlitz was volledig op de schop gegaan gelukkig wist \u201cMy Precious\u201d (Adriaans SUUNTO) exact waar we moesten zijn.\u00a0 Hoofdlampjes doen wonderen in een donker bos! Snel zetten we de tarp op en maakten een heerlijke warme bak koffie op Jolanda haar super snelle gasbrandertje gevolgd door een heerlijke Engelse maaltijd. We doken snel in de warme slaapzakken en doezelden bijna gelijk weg om regelmatig wakker te worden van de verschillende soorten regen \u2026 van licht druilerig tot bijna onrealistisch hard als of je onder een waterval stond, zeg maar \u2026 Het was niet koud gelukkig.<\/p>\n<p>Het deerde ons helemaal niets: we lagen droog en warm en genoten van het buiten zijn. Maandag en dinsdag waren trouwens pareltjes: ontzettend zonnig!<br \/>\nDe tarp hield ons dus mooi droog en het ontbijt warmden we op op de brander die onder het zeildoek stond. Onderweg hielden we halt bij de plaatselijke bakker om een heerlijke appelflap naar binnen te werken en onze bidons te vullen. Over de voormalige landingsbanen van vliegveld Soesterberg denderden we verder naar Baarn\u2026nou ja denderden\u2026we voelden die 40 km per persoon van de vorige dagen wel. Rond twaalven arriveerden we via prachtige single tracks in Baarn waar Tienke een heerlijk kopsoep en nasi klaar had staan. Tevreden, moe en trots op onze eerste 100+km in 48 uur.<\/p>\n<p>&nbsp;<\/p>\n","protected":false},"excerpt":{"rendered":"<p>48 uur avontuur met een internationaal tintje\u2026 Hoe overbrug je een grotere afstand over meerdere dagen was onze queste deze keer \u2026 rennen en mtb\u2019en bleek de juiste combinatie voor ons \u2026 de mtb\u2019er kan mooi even uitrusten en de renner kan weer even warm worden \u2026 want langzaam fietsen blijkt best koud te zijn. [&hellip;]<\/p>\n","protected":false},"author":1,"featured_media":0,"parent":0,"menu_order":0,"comment_status":"closed","ping_status":"closed","template":"","meta":{"footnotes":""},"yoast_head":"<!-- This site is optimized with the Yoast SEO plugin v24.4 - https:\/\/yoast.com\/wordpress\/plugins\/seo\/ -->\n<title>Van B naar B, 100km in 48 uur - GAAN en Beleven<\/title>\n<meta name=\"robots\" content=\"index, follow, max-snippet:-1, max-image-preview:large, max-video-preview:-1\" \/>\n<link rel=\"canonical\" href=\"https:\/\/adriaanvoeten.com\/gaanenbeleven\/van-b-naar-b-100km-in-48-uur\/\" \/>\n<meta property=\"og:locale\" content=\"nl_NL\" \/>\n<meta property=\"og:type\" content=\"article\" \/>\n<meta property=\"og:title\" content=\"Van B naar B, 100km in 48 uur - GAAN en Beleven\" \/>\n<meta property=\"og:description\" content=\"48 uur avontuur met een internationaal tintje\u2026 Hoe overbrug je een grotere afstand over meerdere dagen was onze queste deze keer \u2026 rennen en mtb\u2019en bleek de juiste combinatie voor ons \u2026 de mtb\u2019er kan mooi even uitrusten en de renner kan weer even warm worden \u2026 want langzaam fietsen blijkt best koud te zijn. [&hellip;]\" \/>\n<meta property=\"og:url\" content=\"https:\/\/adriaanvoeten.com\/gaanenbeleven\/van-b-naar-b-100km-in-48-uur\/\" \/>\n<meta property=\"og:site_name\" content=\"GAAN en Beleven\" \/>\n<meta property=\"article:publisher\" content=\"https:\/\/facebook.com\/gaanenbeleven\" \/>\n<meta name=\"twitter:card\" content=\"summary_large_image\" \/>\n<meta name=\"twitter:label1\" content=\"Geschatte leestijd\" \/>\n\t<meta name=\"twitter:data1\" content=\"4 minuten\" \/>\n<script type=\"application\/ld+json\" class=\"yoast-schema-graph\">{\"@context\":\"https:\/\/schema.org\",\"@graph\":[{\"@type\":\"WebPage\",\"@id\":\"https:\/\/adriaanvoeten.com\/gaanenbeleven\/van-b-naar-b-100km-in-48-uur\/\",\"url\":\"https:\/\/adriaanvoeten.com\/gaanenbeleven\/van-b-naar-b-100km-in-48-uur\/\",\"name\":\"Van B naar B, 100km in 48 uur - GAAN en Beleven\",\"isPartOf\":{\"@id\":\"https:\/\/adriaanvoeten.com\/gaanenbeleven\/#website\"},\"datePublished\":\"2015-12-18T10:27:45+00:00\",\"breadcrumb\":{\"@id\":\"https:\/\/adriaanvoeten.com\/gaanenbeleven\/van-b-naar-b-100km-in-48-uur\/#breadcrumb\"},\"inLanguage\":\"nl-NL\",\"potentialAction\":[{\"@type\":\"ReadAction\",\"target\":[\"https:\/\/adriaanvoeten.com\/gaanenbeleven\/van-b-naar-b-100km-in-48-uur\/\"]}]},{\"@type\":\"BreadcrumbList\",\"@id\":\"https:\/\/adriaanvoeten.com\/gaanenbeleven\/van-b-naar-b-100km-in-48-uur\/#breadcrumb\",\"itemListElement\":[{\"@type\":\"ListItem\",\"position\":1,\"name\":\"Home\",\"item\":\"https:\/\/adriaanvoeten.com\/gaanenbeleven\/\"},{\"@type\":\"ListItem\",\"position\":2,\"name\":\"Van B naar B, 100km in 48 uur\"}]},{\"@type\":\"WebSite\",\"@id\":\"https:\/\/adriaanvoeten.com\/gaanenbeleven\/#website\",\"url\":\"https:\/\/adriaanvoeten.com\/gaanenbeleven\/\",\"name\":\"GAAN en Beleven\",\"description\":\"\",\"publisher\":{\"@id\":\"https:\/\/adriaanvoeten.com\/gaanenbeleven\/#organization\"},\"potentialAction\":[{\"@type\":\"SearchAction\",\"target\":{\"@type\":\"EntryPoint\",\"urlTemplate\":\"https:\/\/adriaanvoeten.com\/gaanenbeleven\/?s={search_term_string}\"},\"query-input\":{\"@type\":\"PropertyValueSpecification\",\"valueRequired\":true,\"valueName\":\"search_term_string\"}}],\"inLanguage\":\"nl-NL\"},{\"@type\":\"Organization\",\"@id\":\"https:\/\/adriaanvoeten.com\/gaanenbeleven\/#organization\",\"name\":\"GAAN en Beleven\",\"url\":\"https:\/\/adriaanvoeten.com\/gaanenbeleven\/\",\"logo\":{\"@type\":\"ImageObject\",\"inLanguage\":\"nl-NL\",\"@id\":\"https:\/\/adriaanvoeten.com\/gaanenbeleven\/#\/schema\/logo\/image\/\",\"url\":\"https:\/\/adriaanvoeten.com\/gaanenbeleven\/wp-content\/uploads\/sites\/4\/2021\/05\/cropped-gaan-logo.jpg\",\"contentUrl\":\"https:\/\/adriaanvoeten.com\/gaanenbeleven\/wp-content\/uploads\/sites\/4\/2021\/05\/cropped-gaan-logo.jpg\",\"width\":512,\"height\":512,\"caption\":\"GAAN en Beleven\"},\"image\":{\"@id\":\"https:\/\/adriaanvoeten.com\/gaanenbeleven\/#\/schema\/logo\/image\/\"},\"sameAs\":[\"https:\/\/facebook.com\/gaanenbeleven\"]}]}<\/script>\n<!-- \/ Yoast SEO plugin. -->","yoast_head_json":{"title":"Van B naar B, 100km in 48 uur - GAAN en Beleven","robots":{"index":"index","follow":"follow","max-snippet":"max-snippet:-1","max-image-preview":"max-image-preview:large","max-video-preview":"max-video-preview:-1"},"canonical":"https:\/\/adriaanvoeten.com\/gaanenbeleven\/van-b-naar-b-100km-in-48-uur\/","og_locale":"nl_NL","og_type":"article","og_title":"Van B naar B, 100km in 48 uur - GAAN en Beleven","og_description":"48 uur avontuur met een internationaal tintje\u2026 Hoe overbrug je een grotere afstand over meerdere dagen was onze queste deze keer \u2026 rennen en mtb\u2019en bleek de juiste combinatie voor ons \u2026 de mtb\u2019er kan mooi even uitrusten en de renner kan weer even warm worden \u2026 want langzaam fietsen blijkt best koud te zijn. [&hellip;]","og_url":"https:\/\/adriaanvoeten.com\/gaanenbeleven\/van-b-naar-b-100km-in-48-uur\/","og_site_name":"GAAN en Beleven","article_publisher":"https:\/\/facebook.com\/gaanenbeleven","twitter_card":"summary_large_image","twitter_misc":{"Geschatte leestijd":"4 minuten"},"schema":{"@context":"https:\/\/schema.org","@graph":[{"@type":"WebPage","@id":"https:\/\/adriaanvoeten.com\/gaanenbeleven\/van-b-naar-b-100km-in-48-uur\/","url":"https:\/\/adriaanvoeten.com\/gaanenbeleven\/van-b-naar-b-100km-in-48-uur\/","name":"Van B naar B, 100km in 48 uur - GAAN en Beleven","isPartOf":{"@id":"https:\/\/adriaanvoeten.com\/gaanenbeleven\/#website"},"datePublished":"2015-12-18T10:27:45+00:00","breadcrumb":{"@id":"https:\/\/adriaanvoeten.com\/gaanenbeleven\/van-b-naar-b-100km-in-48-uur\/#breadcrumb"},"inLanguage":"nl-NL","potentialAction":[{"@type":"ReadAction","target":["https:\/\/adriaanvoeten.com\/gaanenbeleven\/van-b-naar-b-100km-in-48-uur\/"]}]},{"@type":"BreadcrumbList","@id":"https:\/\/adriaanvoeten.com\/gaanenbeleven\/van-b-naar-b-100km-in-48-uur\/#breadcrumb","itemListElement":[{"@type":"ListItem","position":1,"name":"Home","item":"https:\/\/adriaanvoeten.com\/gaanenbeleven\/"},{"@type":"ListItem","position":2,"name":"Van B naar B, 100km in 48 uur"}]},{"@type":"WebSite","@id":"https:\/\/adriaanvoeten.com\/gaanenbeleven\/#website","url":"https:\/\/adriaanvoeten.com\/gaanenbeleven\/","name":"GAAN en Beleven","description":"","publisher":{"@id":"https:\/\/adriaanvoeten.com\/gaanenbeleven\/#organization"},"potentialAction":[{"@type":"SearchAction","target":{"@type":"EntryPoint","urlTemplate":"https:\/\/adriaanvoeten.com\/gaanenbeleven\/?s={search_term_string}"},"query-input":{"@type":"PropertyValueSpecification","valueRequired":true,"valueName":"search_term_string"}}],"inLanguage":"nl-NL"},{"@type":"Organization","@id":"https:\/\/adriaanvoeten.com\/gaanenbeleven\/#organization","name":"GAAN en Beleven","url":"https:\/\/adriaanvoeten.com\/gaanenbeleven\/","logo":{"@type":"ImageObject","inLanguage":"nl-NL","@id":"https:\/\/adriaanvoeten.com\/gaanenbeleven\/#\/schema\/logo\/image\/","url":"https:\/\/adriaanvoeten.com\/gaanenbeleven\/wp-content\/uploads\/sites\/4\/2021\/05\/cropped-gaan-logo.jpg","contentUrl":"https:\/\/adriaanvoeten.com\/gaanenbeleven\/wp-content\/uploads\/sites\/4\/2021\/05\/cropped-gaan-logo.jpg","width":512,"height":512,"caption":"GAAN en Beleven"},"image":{"@id":"https:\/\/adriaanvoeten.com\/gaanenbeleven\/#\/schema\/logo\/image\/"},"sameAs":["https:\/\/facebook.com\/gaanenbeleven"]}]}},"_links":{"self":[{"href":"https:\/\/adriaanvoeten.com\/gaanenbeleven\/wp-json\/wp\/v2\/pages\/1701"}],"collection":[{"href":"https:\/\/adriaanvoeten.com\/gaanenbeleven\/wp-json\/wp\/v2\/pages"}],"about":[{"href":"https:\/\/adriaanvoeten.com\/gaanenbeleven\/wp-json\/wp\/v2\/types\/page"}],"author":[{"embeddable":true,"href":"https:\/\/adriaanvoeten.com\/gaanenbeleven\/wp-json\/wp\/v2\/users\/1"}],"replies":[{"embeddable":true,"href":"https:\/\/adriaanvoeten.com\/gaanenbeleven\/wp-json\/wp\/v2\/comments?post=1701"}],"version-history":[{"count":0,"href":"https:\/\/adriaanvoeten.com\/gaanenbeleven\/wp-json\/wp\/v2\/pages\/1701\/revisions"}],"wp:attachment":[{"href":"https:\/\/adriaanvoeten.com\/gaanenbeleven\/wp-json\/wp\/v2\/media?parent=1701"}],"curies":[{"name":"wp","href":"https:\/\/api.w.org\/{rel}","templated":true}]}}